{"id":124,"date":"2012-09-17T23:11:00","date_gmt":"2012-09-17T21:11:00","guid":{"rendered":"http:\/\/trencin.fara.sk\/?page_id=124"},"modified":"2019-08-01T18:55:10","modified_gmt":"2019-08-01T16:55:10","slug":"sviatosti-2","status":"publish","type":"page","link":"https:\/\/trencin.fara.sk\/?page_id=124","title":{"rendered":"Sviatosti"},"content":{"rendered":"<p><a href=\"http:\/\/trencin.fara.sk\/wp-content\/uploads\/2012\/09\/sviatosti1.jpg\"><img loading=\"lazy\" decoding=\"async\" class=\"alignleft size-thumbnail wp-image-643\" title=\"sviatosti\" src=\"http:\/\/trencin.fara.sk\/wp-content\/uploads\/2012\/09\/sviatosti1-150x150.jpg\" alt=\"\" width=\"150\" height=\"150\" \/><\/a>Katol\u00edcka Cirkev sl\u00e1vi sedem sviatost\u00ed. Ustanovil ich Kristus.\u00a0<strong>Krst<\/strong>, <strong>birmovanie<\/strong> a\u00a0<strong>posv\u00e4tn\u00e1 vysviacka<\/strong> (k\u0148azstvo) d\u00e1vaj\u00fa \u010dloveku nezmazate\u013en\u00fd znak. \u010eal\u0161ie\u00a0sviatosti\u00a0s\u00fa <strong>man\u017eelstvo<\/strong>, <strong>pomazanie chor\u00fdch<\/strong>, <strong>sviatos\u0165 pok\u00e1nia<\/strong>\u00a0(sv\u00e4t\u00e1 spove\u010f) a\u00a0<strong>eucharistia<\/strong> (sv\u00e4t\u00e9 prij\u00edmanie).\u00a0Iba raz sa prij\u00edma krst, birmovanie, man\u017eelstvo, posv\u00e4tn\u00e1 vysviacka. Sviatos\u0165 pomazania chor\u00fdch, eucharistia a\u00a0sviatos\u0165 pok\u00e1nia sa prij\u00edmaj\u00fa opakovane.<\/p>\n<p>Krst a\u00a0birmovanie s\u00fa\u00a0sviatosti\u00a0<strong>uv\u00e1dzania do kres\u0165ansk\u00e9ho \u017eivota<\/strong>, sviatos\u0165 pok\u00e1nia a\u00a0pomazania chor\u00fdch s\u00fa\u00a0sviatosti\u00a0<strong>uzdravovacie<\/strong>. Sviatos\u0165 posv\u00e4tnej vysviacky \u2013 k\u0148azstva a\u00a0sviatos\u0165 man\u017eelstva naz\u00fdvame <strong>stavovsk\u00fdmi<\/strong> sviatos\u0165ami, sl\u00fa\u017eia spolo\u010denstvu.<\/p>\n<p>Sviatos\u0165ami z\u00edskavame milos\u0165, ktor\u00fa potrebujeme, aby sme boli ospravedlnen\u00ed a premenen\u00ed a aby sme sa skrze Je\u017ei\u0161a stali t\u00fdmi, ktor\u00ed s\u00fa ako Je\u017ei\u0161: Bo\u017e\u00edmi de\u0165mi v slobode a sl\u00e1ve.<\/p>\n<p>K Bohu sa m\u00e1me a m\u00f4\u017eeme pribli\u017eova\u0165 prostredn\u00edctvom v\u0161etk\u00fdch svojich zmyslov, nielen rozumom. Preto sa n\u00e1m Boh d\u00e1va v pozemsk\u00fdch znakoch &#8211; v chlebe, v\u00edne, oleji, v slove, v pomazan\u00ed a vkladan\u00ed r\u00fak.<br \/>\n(Prevzat\u00e9 z Youcat)<\/p>\n","protected":false},"excerpt":{"rendered":"<p>Katol\u00edcka Cirkev sl\u00e1vi sedem sviatost\u00ed. Ustanovil ich Kristus.\u00a0Krst, birmovanie a\u00a0posv\u00e4tn\u00e1 vysviacka (k\u0148azstvo) d\u00e1vaj\u00fa \u010dloveku nezmazate\u013en\u00fd znak. \u010eal\u0161ie\u00a0sviatosti\u00a0s\u00fa man\u017eelstvo, pomazanie chor\u00fdch, sviatos\u0165 pok\u00e1nia\u00a0(sv\u00e4t\u00e1 spove\u010f) a\u00a0eucharistia (sv\u00e4t\u00e9 prij\u00edmanie).\u00a0Iba raz sa prij\u00edma krst, birmovanie, man\u017eelstvo, posv\u00e4tn\u00e1 vysviacka. Sviatos\u0165 pomazania chor\u00fdch, eucharistia a\u00a0sviatos\u0165 pok\u00e1nia&#8230;<\/p>\n","protected":false},"author":1,"featured_media":0,"parent":0,"menu_order":0,"comment_status":"closed","ping_status":"closed","template":"","meta":{"ngg_post_thumbnail":0,"footnotes":""},"class_list":["post-124","page","type-page","status-publish","hentry"],"_links":{"self":[{"href":"https:\/\/trencin.fara.sk\/index.php?rest_route=\/wp\/v2\/pages\/124"}],"collection":[{"href":"https:\/\/trencin.fara.sk\/index.php?rest_route=\/wp\/v2\/pages"}],"about":[{"href":"https:\/\/trencin.fara.sk\/index.php?rest_route=\/wp\/v2\/types\/page"}],"author":[{"embeddable":true,"href":"https:\/\/trencin.fara.sk\/index.php?rest_route=\/wp\/v2\/users\/1"}],"replies":[{"embeddable":true,"href":"https:\/\/trencin.fara.sk\/index.php?rest_route=%2Fwp%2Fv2%2Fcomments&post=124"}],"version-history":[{"count":12,"href":"https:\/\/trencin.fara.sk\/index.php?rest_route=\/wp\/v2\/pages\/124\/revisions"}],"predecessor-version":[{"id":736,"href":"https:\/\/trencin.fara.sk\/index.php?rest_route=\/wp\/v2\/pages\/124\/revisions\/736"}],"wp:attachment":[{"href":"https:\/\/trencin.fara.sk\/index.php?rest_route=%2Fwp%2Fv2%2Fmedia&parent=124"}],"curies":[{"name":"wp","href":"https:\/\/api.w.org\/{rel}","templated":true}]}}