{"id":158,"date":"2012-09-18T00:13:15","date_gmt":"2012-09-17T22:13:15","guid":{"rendered":"http:\/\/trencin.fara.sk\/?page_id=158"},"modified":"2019-08-01T18:54:50","modified_gmt":"2019-08-01T16:54:50","slug":"piaristicky-kostol-sv-frantiska-xaverskeho","status":"publish","type":"page","link":"https:\/\/trencin.fara.sk\/?page_id=158","title":{"rendered":"Piaristick\u00fd kostol sv. Franti\u0161ka Xaversk\u00e9ho"},"content":{"rendered":"<p><a href=\"http:\/\/trencin.fara.sk\/wp-content\/uploads\/2012\/09\/DSC00857.jpg\"><img loading=\"lazy\" decoding=\"async\" class=\"alignleft size-thumbnail wp-image-499\" title=\"piaristicky_kostol\" src=\"http:\/\/trencin.fara.sk\/wp-content\/uploads\/2012\/09\/DSC00857-150x150.jpg\" alt=\"\" width=\"150\" height=\"150\" \/><\/a><\/p>\n<p>Jezuitsk\u00fd, nesk\u00f4r piaristick\u00fd kostol bol vybudovan\u00fd v rokoch 1653 \u2013 1657 v ranobarokovom \u0161t\u00fdle, pod\u013ea vzoru kostola sv. Franti\u0161ka Xaversk\u00e9ho vo Viedni. Vysv\u00e4ten\u00fd bol 1. j\u00fala 1657 k \u00facte sv. Franti\u0161ka Xaversk\u00e9ho, apo\u0161tola Indie. Stavebn\u00e9 pr\u00e1ce viedol zn\u00e1my taliansky stavite\u013e Pietro Spazzo, spolu so svoj\u00edm bratom Bernardom.<br \/>\nK podstatn\u00e9mu po\u0161kodeniu kostola do\u0161lo po\u010das po\u017eiaru mesta 14. m\u00e1ja 1708. Po\u010das obnovovac\u00edch pr\u00e1c (1709 &#8211; 1713) nadobudol interi\u00e9r kostola teraj\u0161\u00ed barokov\u00fd charakter. Na klenb\u00e1ch kostola s\u00fa vz\u00e1cne kvadrat\u00farne ma\u013eby z roku 1712 od maliara Kri\u0161tofa Tauscha. Obraz hlavn\u00e9ho olt\u00e1ra je taktie\u017e jeho dielom. Iluz\u00edvna ma\u013eba kopule nad chr\u00e1movou lo\u010fou patr\u00ed k vrcholom barokov\u00e9ho umenia na Slovensku. V roku 2000 bolo ukon\u010den\u00e9 ich kompletn\u00e9 zre\u0161taurovanie.<\/p>\n<p>Monument\u00e1lny hlavn\u00fd olt\u00e1r poch\u00e1dza z roku 1767. Soch\u00e1rsku v\u00fdzdoby bo\u010dn\u00fdch olt\u00e1rov vyhotovil B. Baumgartner v rokoch 1723 \u20131735. Po zru\u0161en\u00ed jezuitskej rehole v roku 1773 pre\u0161iel kostol aj pristavan\u00fd kl\u00e1\u0161tor do majetku piaristov.<\/p>\n<p>Adresa: Mierov\u00e9 n\u00e1mestie, Tren\u010d\u00edn; spr\u00e1vca: Reho\u013ea piaristov Tren\u010d\u00edn<\/p>\n","protected":false},"excerpt":{"rendered":"<p>Jezuitsk\u00fd, nesk\u00f4r piaristick\u00fd kostol bol vybudovan\u00fd v rokoch 1653 \u2013 1657 v ranobarokovom \u0161t\u00fdle, pod\u013ea vzoru kostola sv. Franti\u0161ka Xaversk\u00e9ho vo Viedni. Vysv\u00e4ten\u00fd bol 1. j\u00fala 1657 k \u00facte sv. Franti\u0161ka Xaversk\u00e9ho, apo\u0161tola Indie. Stavebn\u00e9 pr\u00e1ce viedol zn\u00e1my taliansky stavite\u013e&#8230;<\/p>\n","protected":false},"author":1,"featured_media":499,"parent":0,"menu_order":0,"comment_status":"closed","ping_status":"closed","template":"","meta":{"ngg_post_thumbnail":0,"footnotes":""},"class_list":["post-158","page","type-page","status-publish","has-post-thumbnail","hentry"],"_links":{"self":[{"href":"https:\/\/trencin.fara.sk\/index.php?rest_route=\/wp\/v2\/pages\/158"}],"collection":[{"href":"https:\/\/trencin.fara.sk\/index.php?rest_route=\/wp\/v2\/pages"}],"about":[{"href":"https:\/\/trencin.fara.sk\/index.php?rest_route=\/wp\/v2\/types\/page"}],"author":[{"embeddable":true,"href":"https:\/\/trencin.fara.sk\/index.php?rest_route=\/wp\/v2\/users\/1"}],"replies":[{"embeddable":true,"href":"https:\/\/trencin.fara.sk\/index.php?rest_route=%2Fwp%2Fv2%2Fcomments&post=158"}],"version-history":[{"count":14,"href":"https:\/\/trencin.fara.sk\/index.php?rest_route=\/wp\/v2\/pages\/158\/revisions"}],"predecessor-version":[{"id":788,"href":"https:\/\/trencin.fara.sk\/index.php?rest_route=\/wp\/v2\/pages\/158\/revisions\/788"}],"wp:featuredmedia":[{"embeddable":true,"href":"https:\/\/trencin.fara.sk\/index.php?rest_route=\/wp\/v2\/media\/499"}],"wp:attachment":[{"href":"https:\/\/trencin.fara.sk\/index.php?rest_route=%2Fwp%2Fv2%2Fmedia&parent=158"}],"curies":[{"name":"wp","href":"https:\/\/api.w.org\/{rel}","templated":true}]}}