{"id":2,"date":"2012-09-15T19:13:27","date_gmt":"2012-09-15T17:13:27","guid":{"rendered":"http:\/\/trencin.fara.sk\/?page_id=2"},"modified":"2025-12-29T19:21:18","modified_gmt":"2025-12-29T18:21:18","slug":"sample-page","status":"publish","type":"page","link":"https:\/\/trencin.fara.sk\/?page_id=2","title":{"rendered":"Krst"},"content":{"rendered":"<p><strong>VYSLUHOVANIE SVIATOSTI KRSTU DE\u0164OM<\/strong><\/p>\n<p>\n\n\n<\/p>\n<p>Mil\u00ed rodi\u010dia,<\/p>\n<p>\n\n\n\n<\/p>\n<p>te\u0161\u00edme sa spolu s vami z narodenia v\u00e1\u0161ho b\u00e1b\u00e4tka. A na\u0161a rados\u0165 je e\u0161te v\u00e4\u010d\u0161ia, nako\u013eko mu t\u00fa\u017eite odovzda\u0165 \u017eivot viery, ktor\u00fd za\u010d\u00edna prijat\u00edm sviatosti krstu.&nbsp;<\/p>\n<p>\n\n\n\n<\/p>\n<p>Krst\u00edme 2x do mesiaca vo farskom kostole a to v sobotu. Je to zvy\u010dajne 2. a 4. sobota v mesiaci (konkr\u00e9tne term\u00edny s\u00fa ni\u017e\u0161ie). Krst za\u010d\u00edna o 11:00 vo farskom kostole. Predch\u00e1dza mu krstn\u00e1 n\u00e1uka o 10:30 (pros\u00edme neme\u0161ka\u0165!!!), rovnako vo farskom kostole, na ktorej sa z\u00fa\u010dast\u0148uj\u00fa rodi\u010dia a krstn\u00fd\/\u00ed rodi\u010d\/ia, bez b\u00e1b\u00e4tka ( to v\u00e1m m\u00f4\u017eu postr\u00e1\u017ei\u0165 va\u0161i bl\u00edzki v zadnej \u010dasti kostola alebo vonku). Spolo\u010dne vypln\u00edme z\u00e1kladn\u00e9 \u00fadaje o v\u00e1s a b\u00e1b\u00e4tku, prejdeme si prierez krstn\u00fdm obradom a potom bude nasledova\u0165 krst.&nbsp;<\/p>\n<p>\n\n\n\n<\/p>\n<p><strong>Veci potrebn\u00e9 ku krstu:<\/strong> krstn\u00e1 svie\u010dka a biela krstn\u00e1 ko\u0161ie\u013eka. Ak re\u00e1lne neb\u00fdvate v na\u0161ej farnosti, bude potrebn\u00e9 prinies\u0165 licenciu ku krstu (prepustenie) od v\u00e1\u0161ho k\u0148aza.&nbsp;<\/p>\n<p>\n\n\n\n<\/p>\n<p><strong>Prihlasovanie: kontaktn\u00fd telefon\u00e1t <\/strong>na farskom \u010d\u00edsle <strong>0910 852 349 <\/strong>a n\u00e1sledne 2-3 dni pred pl\u00e1novanou sobotou nap\u00ed\u0161te <strong>prihlasovaciu sms na farsk\u00e9 \u010d\u00edslo 0910 852 349<\/strong> s uveden\u00edm mena a priezviska die\u0165a\u0165a a textom: V sobotu pr\u00eddeme krsti\u0165.&nbsp;<\/p>\n<p>\n\n\n\n<\/p>\n<p>D\u013a\u017eka trvania krstu: 30 min.&nbsp;<\/p>\n<p>\n\n\n\n<p>Term\u00edny krstn\u00fdch sob\u00f4t do konca j\u00fana 2026<\/p>\n\n\n\n<p>Janu\u00e1r: 10., 24<\/p>\n\n\n\n<p>Febru\u00e1r: 7.,21.<\/p>\n\n\n\n<p>Marec: 14.,<\/p>\n\n\n\n<p>Apr\u00edl: 11., 25.<\/p>\n\n\n\n<p>M\u00e1j: 9.<\/p>\n\n\n\n<p>J\u00fan: 27.  <\/p>\n\n\n<\/p>\n<p style=\"text-align: justify;\">Die\u0165a\u0165u sa m\u00e1 pod\u013ea trad\u00edcie vybra\u0165 <strong>kres\u0165ansk\u00e9 meno <\/strong>a<strong>&nbsp;m\u00e1 ma\u0165 krstn\u00e9ho rodi\u010da<\/strong> resp. krstn\u00fdch rodi\u010dov (otca a matku), ktor\u00ed bud\u00fa pomocn\u00edkmi rodi\u010dov v odovzd\u00e1van\u00ed viery a kres\u0165ansk\u00fdch hodn\u00f4t. Musia sp\u013a\u0148a\u0165 podmienky stanoven\u00e9 K\u00f3dexom k\u00e1nonick\u00e9ho pr\u00e1va, ako s\u00fa uveden\u00e9 ni\u017e\u0161ie. Pokia\u013e sa v\u00e1m nepodarilo n\u00e1js\u0165 osobu vo svojom okol\u00ed, ktor\u00e1 by sp\u013a\u0148ala podmienky na krstn\u00e9ho rodi\u010da, dajte n\u00e1m vedie\u0165 a budeme to rie\u0161i\u0165 individu\u00e1lne.<\/p>\n<p><strong>PODMIENKY NA KRSTN\u00c9HO RODI\u010cA<\/strong><\/p>\n<ul>\n<li>dov\u0155\u0161en\u00fd 16-ty rok \u017eivota<\/li>\n<li>pobirmovan\u00fd praktizuj\u00faci kres\u0165an katol\u00edk \u2013 m\u00e1 by\u0165 pre die\u0165a vzorom vo viere<\/li>\n<li>slobodn\u00fd (ne\u017eij\u00faci s partnerom v jednej dom\u00e1cnosti) alebo cirkevne sob\u00e1\u0161en\u00fd&nbsp;<\/li>\n<li>nem\u00e1 by\u0165 otcom alebo matkou die\u0165a\u0165a, ktor\u00e9 m\u00e1 by\u0165 pokrsten\u00e9<\/li>\n<\/ul>\n<p><strong>VYSLUHOVANIE SVIATOSTI KRSTU DOSPEL\u00ddM<\/strong><\/p>\n<p style=\"text-align: justify;\">Ak m\u00e1te z\u00e1ujem o krst, prihl\u00e1ste sa v&nbsp;\u010dase \u00faradn\u00fdch hod\u00edn na farskom \u00farade. Pr\u00edpravn\u00e9&nbsp;stretnutia za\u010d\u00ednaj\u00fa ka\u017ed\u00fd rok v septembri. Pr\u00edprava (katechumen\u00e1t) trv\u00e1 pribli\u017ene 1,5 roka. Krst sa ude\u013euje na Ve\u013ekono\u010dn\u00fa vig\u00edliu (Bielu sobotu). Z\u00e1rove\u0148 V\u00e1m bude vysl\u00fa\u017een\u00e1 sviatos\u0165 birmovania a sviatos\u0165 Eucharistie (1. sv\u00e4t\u00e9 prij\u00edmanie).<\/p>\n<div>&nbsp;<\/div>\n<div class=\"gmail_attr\" style=\"text-align: left;\"><b><b>PR\u00cdSTUP K FARSK\u00c9MU KOSTOLU<\/b><\/b><\/div>\n<div>&nbsp;<\/div>\n<div class=\"gmail_attr\" style=\"text-align: justify;\">Sviatos\u0165 krstu sa vysluhuje vo Farskom kostole Narodenia Panny M\u00e1rie, ktor\u00fd sa nach\u00e1dza na Mari\u00e1nskom n\u00e1mest\u00ed. Toto n\u00e1mestie je s\u00fa\u010das\u0165ou pe\u0161ej z\u00f3ny a z toho vypl\u00fdva, \u017ee pri kostole nie je mo\u017en\u00e9 parkovanie vozidiel. Preto V\u00e1m odpor\u00fa\u010dame <b>pr\u00eds\u0165 na krst pe\u0161o<\/b>.&nbsp;<\/div>\n<div dir=\"ltr\">&nbsp;<\/div>\n<div dir=\"ltr\" style=\"text-align: justify;\">V pr\u00edpade, ak je pre V\u00e1s dovoz vozidlom nevyhnutn\u00fd, je potrebn\u00e9 vopred po\u017eiada\u0165 o povolenie vjazdu vozidla do pe\u0161ej z\u00f3ny. Povolenie vyd\u00e1va Mestsk\u00fd \u00farad v Tren\u010d\u00edne, \u00datvar mobility, Farsk\u00e1 ul. 10, 1. poschodie. Povolenie vjazdu&nbsp;<b>nezah\u0155\u0148a mo\u017enos\u0165 parkova\u0165<\/b>&nbsp;v pe\u0161ej z\u00f3ne, t. j. po vylo\u017een\u00ed prepravovan\u00fdch os\u00f4b je nutn\u00e9 vozidlo zaparkova\u0165 mimo pe\u0161ej z\u00f3ny.<\/div>\n<div dir=\"ltr\" style=\"text-align: justify;\">&nbsp;<\/div>\n<div dir=\"ltr\" style=\"text-align: justify;\">Vozidlo ozna\u010den\u00e9&nbsp;<b>modr\u00fdm parkovac\u00edm preukazom<\/b>&nbsp;nepotrebuje vy\u0161\u0161ie uveden\u00e9 povolenie pre vjazd do pe\u0161ej z\u00f3ny a po nevyhnutne potrebn\u00fd \u010das m\u00f4\u017ee v pe\u0161ej z\u00f3ne aj parkova\u0165.&nbsp;<\/div>\n<div dir=\"ltr\">&nbsp;<\/div>\n\n\n<p><\/p>\n","protected":false},"excerpt":{"rendered":"<p>VYSLUHOVANIE SVIATOSTI KRSTU DE\u0164OM Mil\u00ed rodi\u010dia, te\u0161\u00edme sa spolu s vami z narodenia v\u00e1\u0161ho b\u00e1b\u00e4tka. A na\u0161a rados\u0165 je e\u0161te v\u00e4\u010d\u0161ia, nako\u013eko mu t\u00fa\u017eite odovzda\u0165 \u017eivot viery, ktor\u00fd za\u010d\u00edna prijat\u00edm sviatosti krstu.&nbsp; Krst\u00edme 2x do mesiaca vo farskom kostole a&#8230;<\/p>\n","protected":false},"author":1,"featured_media":0,"parent":124,"menu_order":0,"comment_status":"closed","ping_status":"closed","template":"","meta":{"ngg_post_thumbnail":0,"footnotes":""},"class_list":["post-2","page","type-page","status-publish","hentry"],"_links":{"self":[{"href":"https:\/\/trencin.fara.sk\/index.php?rest_route=\/wp\/v2\/pages\/2"}],"collection":[{"href":"https:\/\/trencin.fara.sk\/index.php?rest_route=\/wp\/v2\/pages"}],"about":[{"href":"https:\/\/trencin.fara.sk\/index.php?rest_route=\/wp\/v2\/types\/page"}],"author":[{"embeddable":true,"href":"https:\/\/trencin.fara.sk\/index.php?rest_route=\/wp\/v2\/users\/1"}],"replies":[{"embeddable":true,"href":"https:\/\/trencin.fara.sk\/index.php?rest_route=%2Fwp%2Fv2%2Fcomments&post=2"}],"version-history":[{"count":89,"href":"https:\/\/trencin.fara.sk\/index.php?rest_route=\/wp\/v2\/pages\/2\/revisions"}],"predecessor-version":[{"id":10829,"href":"https:\/\/trencin.fara.sk\/index.php?rest_route=\/wp\/v2\/pages\/2\/revisions\/10829"}],"up":[{"embeddable":true,"href":"https:\/\/trencin.fara.sk\/index.php?rest_route=\/wp\/v2\/pages\/124"}],"wp:attachment":[{"href":"https:\/\/trencin.fara.sk\/index.php?rest_route=%2Fwp%2Fv2%2Fmedia&parent=2"}],"curies":[{"name":"wp","href":"https:\/\/api.w.org\/{rel}","templated":true}]}}