{"id":32,"date":"2012-09-17T08:47:45","date_gmt":"2012-09-17T06:47:45","guid":{"rendered":"http:\/\/trencin.fara.sk\/?page_id=32"},"modified":"2020-06-15T21:10:25","modified_gmt":"2020-06-15T19:10:25","slug":"svate-prijimanie","status":"publish","type":"page","link":"https:\/\/trencin.fara.sk\/?page_id=32","title":{"rendered":"Sv\u00e4t\u00e9 prij\u00edmanie"},"content":{"rendered":"<p>Je\u017ei\u0161 sa na n\u00e1s obracia s naliehavou v\u00fdzvou, aby sme ho prij\u00edmali vo sviatosti Eucharistie:&nbsp;<em>\u201eVeru, veru, hovor\u00edm v\u00e1m: ak nebudete jes\u0165 telo Syna \u010dloveka a pi\u0165 jeho krv, nebudete ma\u0165 v sebe \u017eivot.\u201c<\/em>(Jn 6,53)<\/p>\n<p>Ak chcete prija\u0165 Je\u017ei\u0161a Krista v Eucharistii, mus\u00edte by\u0165 v stave milosti. Ak si je niekto vedom\u00fd, \u017ee sp\u00e1chal smrte\u013en\u00fd hriech, mus\u00ed sk\u00f4r, ako prist\u00fapi k sv\u00e4t\u00e9mu prij\u00edmaniu, prija\u0165 sviatos\u0165 zmierenia.<\/p>\n<p><strong>Prv\u00e9 sv\u00e4t\u00e9 prij\u00edmanie det\u00ed<\/strong><br \/>\nV na\u0161ej farnosti prv\u00fd raz prij\u00edmaj\u00fa Eucharistiu deti 3. ro\u010dn\u00edka Z\u0160, ktor\u00e9 nav\u0161tevuj\u00fa n\u00e1bo\u017eensk\u00fa v\u00fdchovu aspo\u0148 2 roky. Sl\u00e1vnos\u0165 sa zvy\u010dajne kon\u00e1 koncom m\u00e1ja.&nbsp;<\/p>\n<p><strong>Prv\u00e9 sv\u00e4t\u00e9 prij\u00edmanie dospel\u00fdch<\/strong><br \/>\nAk ste dospel\u00fd (pokrsten\u00fd) a t\u00fa\u017eite prija\u0165 Eucharistiu po prv\u00fd raz, prihl\u00e1ste sa na farskom \u00farade. Pr\u00edprava za\u010d\u00edna ka\u017ed\u00fd rok v septembri.<\/p>\n<p><strong>Sv\u00e4t\u00e9 prij\u00edmanie v nemocnici&nbsp;<\/strong><br \/>\nZ\u00e1ujem o sv\u00e4t\u00e9 prij\u00edmanie pre hospitalizovan\u00e9ho pacienta m\u00f4\u017eete nahl\u00e1si\u0165 v sakristii nemocni\u010dnej kaplnky pred sv\u00e4tou om\u0161ou alebo na tel.&nbsp;\u010d\u00edsle: <strong>0907 772 446<\/strong>&nbsp;<a href=\"http:\/\/trencin.fara.sk\/?page_id=224\" target=\"_blank\" rel=\"noopener noreferrer\">Viac inform\u00e1ci\u00ed o duchovnej slu\u017ebe v nemocnici<\/a>.<\/p>\n","protected":false},"excerpt":{"rendered":"<p>Je\u017ei\u0161 sa na n\u00e1s obracia s naliehavou v\u00fdzvou, aby sme ho prij\u00edmali vo sviatosti Eucharistie:&nbsp;\u201eVeru, veru, hovor\u00edm v\u00e1m: ak nebudete jes\u0165 telo Syna \u010dloveka a pi\u0165 jeho krv, nebudete ma\u0165 v sebe \u017eivot.\u201c(Jn 6,53) Ak chcete prija\u0165 Je\u017ei\u0161a Krista v&#8230;<\/p>\n","protected":false},"author":1,"featured_media":0,"parent":124,"menu_order":0,"comment_status":"closed","ping_status":"closed","template":"","meta":{"ngg_post_thumbnail":0,"footnotes":""},"class_list":["post-32","page","type-page","status-publish","hentry"],"_links":{"self":[{"href":"https:\/\/trencin.fara.sk\/index.php?rest_route=\/wp\/v2\/pages\/32"}],"collection":[{"href":"https:\/\/trencin.fara.sk\/index.php?rest_route=\/wp\/v2\/pages"}],"about":[{"href":"https:\/\/trencin.fara.sk\/index.php?rest_route=\/wp\/v2\/types\/page"}],"author":[{"embeddable":true,"href":"https:\/\/trencin.fara.sk\/index.php?rest_route=\/wp\/v2\/users\/1"}],"replies":[{"embeddable":true,"href":"https:\/\/trencin.fara.sk\/index.php?rest_route=%2Fwp%2Fv2%2Fcomments&post=32"}],"version-history":[{"count":14,"href":"https:\/\/trencin.fara.sk\/index.php?rest_route=\/wp\/v2\/pages\/32\/revisions"}],"predecessor-version":[{"id":6433,"href":"https:\/\/trencin.fara.sk\/index.php?rest_route=\/wp\/v2\/pages\/32\/revisions\/6433"}],"up":[{"embeddable":true,"href":"https:\/\/trencin.fara.sk\/index.php?rest_route=\/wp\/v2\/pages\/124"}],"wp:attachment":[{"href":"https:\/\/trencin.fara.sk\/index.php?rest_route=%2Fwp%2Fv2%2Fmedia&parent=32"}],"curies":[{"name":"wp","href":"https:\/\/api.w.org\/{rel}","templated":true}]}}