{"id":40,"date":"2012-09-17T08:54:42","date_gmt":"2012-09-17T06:54:42","guid":{"rendered":"http:\/\/trencin.fara.sk\/?page_id=40"},"modified":"2025-05-13T13:28:27","modified_gmt":"2025-05-13T11:28:27","slug":"manzelstvo","status":"publish","type":"page","link":"https:\/\/trencin.fara.sk\/?page_id=40","title":{"rendered":"Man\u017eelstvo"},"content":{"rendered":"<p style=\"text-align: justify;\">Sviatostn\u00e9 alebo (ak jeden zo sn\u00fabencov nie je pokrsten\u00fd) k\u00e1nonick\u00e9 man\u017eelstvo si sn\u00fabenci ude\u013euj\u00fa navz\u00e1jom t\u00fdm, \u017ee pred Cirkvou (ktor\u00fa zastupuje diakon alebo k\u0148az) vyjadria svoj s\u00fahlas.<\/p>\n<p><strong>POZOR! Aby sme mohli dovolene asistova\u0165 pri uzatv\u00e1ran\u00ed man\u017eelstva, je potrebn\u00e9, aby aspo\u0148 jeden zo sn\u00fabencov re\u00e1lne b\u00fdval na \u00fazem\u00ed na\u0161ej farnosti (od s\u00eddliska Siho\u0165 cez centrum mesta a\u017e po Soblahovsk\u00fa ulicu &#8211; do farnosti nepatria ulice &#8222;za mostami&#8220; a za \u017eelezni\u010dn\u00fdm priecest\u00edm na Legion\u00e1rskej ulici.) Nesta\u010d\u00ed ma\u0165 trval\u00e9 bydlisko vo farnosti pod\u013ea civiln\u00fdch z\u00e1konov, treba, aby aspo\u0148 jeden zo sn\u00fabencov bol skuto\u010dne na\u0161im farn\u00edkom. Inak sn\u00fabencov popros\u00edme, aby sa sob\u00e1\u0161ili vo svojich dom\u00e1cich farnostiach. Argument pohodlnosti pri zabezpe\u010den\u00ed pohostenia v bl\u00edzkych re\u0161taura\u010dn\u00fdch zariadeniach a podobne, bohu\u017eia\u013e nesta\u010d\u00ed.&nbsp;<\/strong><\/p>\n<p style=\"text-align: justify;\"><strong>\u00damysel uzavrie\u0165 sviatostn\u00e9 man\u017eelstvo je potrebn\u00e9 nahl\u00e1si\u0165 aspo\u0148&nbsp;3 mesiace&nbsp;<\/strong>pred predpokladan\u00fdm term\u00ednom na farskom \u00farade <span style=\"color: #000000;\"><a style=\"color: #000000; text-decoration: underline;\" href=\"http:\/\/trencin.fara.sk\/?page_id=64\" target=\"_blank\" rel=\"noopener noreferrer\">po\u010das \u00faradn\u00fdch hod\u00edn<\/a>,<\/span> kde sa dohodne aj presn\u00fd d\u00e1tum, \u010das, forma konania obradu a samozrejme miesto (Farsk\u00fd kostol Narodenia Panny M\u00e1rie &#8211; pod hradom, Kostol Notre Dame &#8211; pri gymn\u00e1ziu \u013d\u0160). Tie\u017e sa dohodne term\u00edn sp\u00edsania sob\u00e1\u0161nej z\u00e1pisnice, pri ktorom <strong>je potrebn\u00e1 pr\u00edtomnos\u0165 oboch sn\u00fabencov<\/strong>. Ku sp\u00edsaniu sob\u00e1\u0161nej z\u00e1pisnice s\u00fa potrebn\u00e9 tieto dokumenty:<\/p>\n<p style=\"text-align: justify;\">&nbsp;&#8211; <strong>Krstn\u00e9 listy sn\u00fabencov<\/strong> (v \u010dase sob\u00e1\u0161u by nemali by\u0165 star\u0161ie ako 6 mesiacov). Ak s\u00fa sn\u00fabenci pokrsten\u00ed v na\u0161ej farnosti krstn\u00fd list nepotrebuj\u00fa, av\u0161ak je dobr\u00e9 vedie\u0165 aspo\u0148 pribli\u017en\u00fd d\u00e1tum krstu \u2013 kv\u00f4li vyh\u013eadaniu v matrike. <em>Ak jeden zo sn\u00fabencov nie je pokrsten\u00fd je mo\u017en\u00e9 uzavrie\u0165 tzv. k\u00e1nonick\u00e9 man\u017eelstvo. Je v\u0161ak potrebn\u00e9 vybavi\u0165 di\u0161penz (v\u00fdnimku) k tak\u00e9muto sob\u00e1\u0161u od biskupsk\u00e9ho \u00faradu, pod\u013ea re\u00e1lneho bydliska pokrsten\u00e9ho resp. katol\u00edckeho sn\u00fabenca. \u017diados\u0165 o tento di\u0161penz a potrebn\u00e9 osved\u010denia vybav\u00edte na na\u0161om farskom \u00farade. Podobn\u00fd di\u0161penz sa vybavuje aj vtedy, ak jeden zo sn\u00fabencov je pokrsten\u00fd v inej kres\u0165anskej cirkvi.<\/em><\/p>\n<p style=\"text-align: justify;\">&nbsp;&#8211; <strong>\u017diados\u0165 o uzavretie man\u017eelstva<\/strong>&nbsp;<strong>z Matri\u010dn\u00e9ho \u00faradu v Tren\u010d\u00edne<\/strong> (<a href=\"https:\/\/trencin.sk\/pre-obcanov\/matrika\/\">https:\/\/trencin.sk\/pre-obcanov\/matrika\/<\/a>).&nbsp;<\/p>\n<p>&nbsp; &nbsp;&#8211;&nbsp;<strong>Men\u00e1, rodn\u00e9 \u010d\u00edsla a presn\u00e9 adresy bydliska svedkov.&nbsp;<\/strong>\u010co sa t\u00fdka svedkov uzavretia man\u017eelstva neklad\u00fa sa nijak\u00e9 \u0161peci\u00e1lne podmienky, len aby boli sp\u00f4sobil\u00ed dosved\u010di\u0165 form\u00e1lne uzavretie man\u017eelstva.<\/p>\n<p style=\"text-align: justify;\">&nbsp;&#8211; <strong>Certifik\u00e1t o absolvovan\u00ed predman\u017eelskej pr\u00edpravy. <\/strong>Pred prijat\u00edm sviatosti man\u017eelstva je potrebn\u00e9 absolvova\u0165 predman\u017eelsk\u00fa pr\u00edpravu v jednej z cirkevn\u00fdch in\u0161tituci\u00ed, \u010di u\u017e priamo v Tren\u010d\u00edne <a href=\"https:\/\/snubenci.cprtrencin.sk\">https:\/\/snubenci.cprtrencin.sk<\/a>&nbsp;alebo v in\u00fdch mest\u00e1ch (napr. \u017dilina <a href=\"https:\/\/www.domanzelstva.sk\/zilina\">https:\/\/www.domanzelstva.sk\/zilina<\/a>&nbsp;alebo Bratislava <a href=\"https:\/\/www.upc.uniba.sk\/predmanzelska-priprava\/\">https:\/\/www.upc.uniba.sk\/predmanzelska-priprava\/<\/a>). Po absolvovan\u00ed n\u00e1uky sn\u00fabencom vystavia certifik\u00e1t, ktor\u00fd sta\u010d\u00ed odovzda\u0165 na farskom \u00farade aj po sp\u00edsan\u00ed z\u00e1pisnice k sob\u00e1\u0161u.<\/p>\n<p style=\"text-align: justify;\">&#8211;&nbsp;<strong>Licenciu (povolenie) k sob\u00e1\u0161u,<\/strong> ak ani jeden zo sn\u00fabencov re\u00e1lne neb\u00fdva na \u00fazem\u00ed na\u0161ej farnosti (t.j. kanonick\u00e9 bydlisko (nemus\u00ed by\u0165 rovnak\u00e9 ako trval\u00e9 bydlisko)) a s\u00fa ve\u013emi v\u00e1\u017ene d\u00f4vody na uzatvorenie man\u017eelstva &#8222;u n\u00e1s&#8220;. T\u00fato licenciu vystav\u00ed far\u00e1r resp. administr\u00e1tor farnosti, na \u00fazem\u00ed ktorej re\u00e1lne b\u00fdva aspo\u0148 jeden zo sn\u00fabencov.<\/p>\n<p><strong>Odpor\u00fa\u010dania:<\/strong><\/p>\n<ul>\n<li>pozrite si&nbsp;text svadobn\u00e9ho obradu&nbsp;<a href=\"http:\/\/trencin.fara.sk\/?attachment_id=6443\">http:\/\/trencin.fara.sk\/?attachment_id=6443<\/a><\/li>\n<li>uzavretie sviatostn\u00e9ho alebo k\u00e1nonick\u00e9ho man\u017eelstva je v\u00fdnimo\u010dn\u00e1 udalos\u0165, preto je vhodn\u00e9 prija\u0165 ju s \u010dist\u00fdm srdcom (vyspoveda\u0165 sa).<\/li>\n<li>z\u00e1ujemcovia o sob\u00e1\u0161 vo Faskom kostole Narodenia Panny M\u00e1rie si zabezpe\u010duj\u00fa organistu\/ hudbu sami po dohode s k\u0148azom. Pri n\u00e1v\u0161teve farsk\u00e9ho \u00faradu si m\u00f4\u017eete vyp\u00fdta\u0165 kontakty na organistov.<\/li>\n<li><strong>po\u010das obradu pros\u00edme, aby t\u00ed, ktor\u00ed fotia neru\u0161ili liturgiu nadmern\u00fdm pobehovan\u00edm, nevstupovali do presbyt\u00e9ria (sv\u00e4tyne) a neodv\u00e1dzali pozornos\u0165 sn\u00fabencov od obradu! <\/strong>Samotn\u00e9 chv\u00edle vysl\u00fa\u017eenia man\u017eelstva s\u00fa d\u00f4le\u017eitej\u0161ie ako dokument\u00e1cia nepodstatn\u00fdch detailov. Dobr\u00fd fotograf zaznamen\u00e1 podstatn\u00e9 na p\u00e1r fotk\u00e1ch bez toho, aby ru\u0161il liturgiu alebo zavadzal.<\/li>\n<li>\n<div class=\"gmail_attr\" style=\"text-align: left;\">ak sa svadba kon\u00e1&nbsp;vo Farskom kostole Narodenia Panny M\u00e1rie, ktor\u00fd sa nach\u00e1dza na Mari\u00e1nskom n\u00e1mest\u00ed alebo v Kostole sv. Franti\u0161ka Xaversk\u00e9ho na Mierovom n\u00e1mest\u00ed, treba si uvedomi\u0165, \u017ee tieto n\u00e1mestia s\u00fa s\u00fa\u010das\u0165ou pe\u0161ej z\u00f3ny a z toho vypl\u00fdva, \u017ee pri kostoloch nie je mo\u017en\u00e9 parkovanie vozidiel. Preto V\u00e1m odpor\u00fa\u010dame <b>pr\u00eds\u0165 na svadbu pe\u0161o<\/b>.&nbsp;<strong>V pr\u00edpade, ak je pre V\u00e1s dovoz vozidlom nevyhnutn\u00fd, je potrebn\u00e9 vopred po\u017eiada\u0165 o povolenie vjazdu vozidla do pe\u0161ej z\u00f3ny. Povolenie vyd\u00e1va Mestsk\u00fd \u00farad v Tren\u010d\u00edne, \u00datvar mobility, Farsk\u00e1 ul. 10, 1. poschodie. Povolenie vjazdu&nbsp;nezah\u0155\u0148a mo\u017enos\u0165 parkova\u0165&nbsp;v pe\u0161ej z\u00f3ne, t. j. po vylo\u017een\u00ed prepravovan\u00fdch os\u00f4b je nutn\u00e9 vozidlo zaparkova\u0165 mimo pe\u0161ej z\u00f3ny.&nbsp;<\/strong>Vozidlo ozna\u010den\u00e9&nbsp;<b>modr\u00fdm parkovac\u00edm preukazom<\/b>&nbsp;nepotrebuje vy\u0161\u0161ie uveden\u00e9 povolenie pre vjazd do pe\u0161ej z\u00f3ny a po nevyhnutne potrebn\u00fd \u010das m\u00f4\u017ee v pe\u0161ej z\u00f3ne aj parkova\u0165.&nbsp;<\/div>\n<\/li>\n<\/ul>\n\n\n<p><\/p>\n","protected":false},"excerpt":{"rendered":"<p>Sviatostn\u00e9 alebo (ak jeden zo sn\u00fabencov nie je pokrsten\u00fd) k\u00e1nonick\u00e9 man\u017eelstvo si sn\u00fabenci ude\u013euj\u00fa navz\u00e1jom t\u00fdm, \u017ee pred Cirkvou (ktor\u00fa zastupuje diakon alebo k\u0148az) vyjadria svoj s\u00fahlas. POZOR! Aby sme mohli dovolene asistova\u0165 pri uzatv\u00e1ran\u00ed man\u017eelstva, je potrebn\u00e9, aby aspo\u0148&#8230;<\/p>\n","protected":false},"author":1,"featured_media":0,"parent":124,"menu_order":0,"comment_status":"closed","ping_status":"closed","template":"","meta":{"ngg_post_thumbnail":0,"footnotes":""},"class_list":["post-40","page","type-page","status-publish","hentry"],"_links":{"self":[{"href":"https:\/\/trencin.fara.sk\/index.php?rest_route=\/wp\/v2\/pages\/40"}],"collection":[{"href":"https:\/\/trencin.fara.sk\/index.php?rest_route=\/wp\/v2\/pages"}],"about":[{"href":"https:\/\/trencin.fara.sk\/index.php?rest_route=\/wp\/v2\/types\/page"}],"author":[{"embeddable":true,"href":"https:\/\/trencin.fara.sk\/index.php?rest_route=\/wp\/v2\/users\/1"}],"replies":[{"embeddable":true,"href":"https:\/\/trencin.fara.sk\/index.php?rest_route=%2Fwp%2Fv2%2Fcomments&post=40"}],"version-history":[{"count":37,"href":"https:\/\/trencin.fara.sk\/index.php?rest_route=\/wp\/v2\/pages\/40\/revisions"}],"predecessor-version":[{"id":10416,"href":"https:\/\/trencin.fara.sk\/index.php?rest_route=\/wp\/v2\/pages\/40\/revisions\/10416"}],"up":[{"embeddable":true,"href":"https:\/\/trencin.fara.sk\/index.php?rest_route=\/wp\/v2\/pages\/124"}],"wp:attachment":[{"href":"https:\/\/trencin.fara.sk\/index.php?rest_route=%2Fwp%2Fv2%2Fmedia&parent=40"}],"curies":[{"name":"wp","href":"https:\/\/api.w.org\/{rel}","templated":true}]}}