{"id":42,"date":"2012-09-17T08:55:21","date_gmt":"2012-09-17T06:55:21","guid":{"rendered":"http:\/\/trencin.fara.sk\/?page_id=42"},"modified":"2020-06-15T21:08:46","modified_gmt":"2020-06-15T19:08:46","slug":"pohreb","status":"publish","type":"page","link":"https:\/\/trencin.fara.sk\/?page_id=42","title":{"rendered":"Pohreb"},"content":{"rendered":"<p><em>&#8222;Cirkev, ktor\u00e1 ako matka sviatostne nosila kres\u0165ana vo svojom lone po\u010das jeho pozemsk\u00e9ho putovania, sprev\u00e1dza ho aj na konci jeho cesty, aby ho odovzdala do Otcov\u00fdch r\u00fak.&#8220;<\/em>&nbsp;(KKC 1683)<\/p>\n<p>Kres\u0165ansk\u00fd pohreb m\u00e1 svoju formu a obsah, ktor\u00fd vyjadruje vieru Cirkvi. Zosnul\u00fd bol tu na zemi jej \u010dlenom a pokia\u013e nedal za \u017eivota najavo opa\u010dn\u00fd postoj a pokia\u013e si to \u017eelaj\u00fa pozostal\u00ed, m\u00e1 pr\u00e1vo na cirkevn\u00fd pohreb.<\/p>\n<p><strong>Postup pri vybavovan\u00ed pohrebu<\/strong><\/p>\n<ol>\n<li>matrika &#8211; vystav\u00ed \u00damrtn\u00fd list<\/li>\n<li>pohrebn\u00e1 slu\u017eba &#8211; ur\u010d\u00ed d\u00e1tum a \u010das pohrebu<\/li>\n<li>farsk\u00fd \u00farad &#8211; nahl\u00e1site term\u00edn pohrebu; prineste so sebou&nbsp;<strong>List o prehliadke m\u0155tveho<\/strong>&nbsp;&#8211; k\u00f3piu.<\/li>\n<\/ol>\n<p><strong>Sv\u00e4t\u00fa om\u0161a za zosnul\u00e9ho<\/strong>&nbsp;treba nahl\u00e1si\u0165 v sakristii kostola, v ktorom chcete, aby bola odsl\u00fa\u017een\u00e1. Je to to najd\u00f4le\u017eitej\u0161ie, \u010do vo viere vo ve\u010dn\u00fd \u017eivot m\u00f4\u017eeme pre zosnul\u00e9ho urobi\u0165&#8230;<\/p>\n<p>Pr\u00edbuzn\u00ed alebo bl\u00edzki m\u00f4\u017eu po dohovore s k\u0148azom prednies\u0165 rozl\u00fa\u010dkov\u00fd pr\u00edhovor, ktor\u00fd by mal vyjadrova\u0165 osobn\u00fd vz\u0165ah k zosnul\u00e9mu. Pri cirkevnom pohrebe nem\u00e1 miesto recit\u00e1cia citovo laden\u00fdch textov, ktor\u00e9 nevyjadruj\u00fa postoj kres\u0165anskej viery a nemaj\u00fa charakter modlitby.<\/p>\n<p>Hoci kres\u0165ansk\u00fd pohreb nie je sviatos\u0165ou, ale sv\u00e4teninou, uv\u00e1dzame ho medzi sviatos\u0165ami kv\u00f4li jednoduch\u0161ej orient\u00e1cii.<\/p>\n","protected":false},"excerpt":{"rendered":"<p>&#8222;Cirkev, ktor\u00e1 ako matka sviatostne nosila kres\u0165ana vo svojom lone po\u010das jeho pozemsk\u00e9ho putovania, sprev\u00e1dza ho aj na konci jeho cesty, aby ho odovzdala do Otcov\u00fdch r\u00fak.&#8220;&nbsp;(KKC 1683) Kres\u0165ansk\u00fd pohreb m\u00e1 svoju formu a obsah, ktor\u00fd vyjadruje vieru Cirkvi. Zosnul\u00fd&#8230;<\/p>\n","protected":false},"author":1,"featured_media":0,"parent":124,"menu_order":0,"comment_status":"closed","ping_status":"closed","template":"","meta":{"ngg_post_thumbnail":0,"footnotes":""},"class_list":["post-42","page","type-page","status-publish","hentry"],"_links":{"self":[{"href":"https:\/\/trencin.fara.sk\/index.php?rest_route=\/wp\/v2\/pages\/42"}],"collection":[{"href":"https:\/\/trencin.fara.sk\/index.php?rest_route=\/wp\/v2\/pages"}],"about":[{"href":"https:\/\/trencin.fara.sk\/index.php?rest_route=\/wp\/v2\/types\/page"}],"author":[{"embeddable":true,"href":"https:\/\/trencin.fara.sk\/index.php?rest_route=\/wp\/v2\/users\/1"}],"replies":[{"embeddable":true,"href":"https:\/\/trencin.fara.sk\/index.php?rest_route=%2Fwp%2Fv2%2Fcomments&post=42"}],"version-history":[{"count":11,"href":"https:\/\/trencin.fara.sk\/index.php?rest_route=\/wp\/v2\/pages\/42\/revisions"}],"predecessor-version":[{"id":6432,"href":"https:\/\/trencin.fara.sk\/index.php?rest_route=\/wp\/v2\/pages\/42\/revisions\/6432"}],"up":[{"embeddable":true,"href":"https:\/\/trencin.fara.sk\/index.php?rest_route=\/wp\/v2\/pages\/124"}],"wp:attachment":[{"href":"https:\/\/trencin.fara.sk\/index.php?rest_route=%2Fwp%2Fv2%2Fmedia&parent=42"}],"curies":[{"name":"wp","href":"https:\/\/api.w.org\/{rel}","templated":true}]}}